{"id":1375,"date":"2025-06-26T22:17:30","date_gmt":"2025-06-26T20:17:30","guid":{"rendered":"https:\/\/lety.ch\/?page_id=1375"},"modified":"2026-01-22T12:51:22","modified_gmt":"2026-01-22T11:51:22","slug":"school","status":"publish","type":"page","link":"https:\/\/lety.ch\/de\/infos\/school\/","title":{"rendered":"Schulfotos"},"content":{"rendered":"\t\t<div data-elementor-type=\"wp-page\" data-elementor-id=\"1375\" class=\"elementor elementor-1375\" data-elementor-post-type=\"page\">\n\t\t\t\t<div class=\"elementor-element elementor-element-6dd84c7 e-con-full e-flex e-con e-parent\" data-id=\"6dd84c7\" data-element_type=\"container\" data-e-type=\"container\" data-settings=\"{&quot;background_background&quot;:&quot;classic&quot;}\">\n\t\t<div class=\"elementor-element elementor-element-5eb093c e-con-full e-flex e-con e-child\" data-id=\"5eb093c\" data-element_type=\"container\" data-e-type=\"container\">\n\t\t\t\t<div class=\"elementor-element elementor-element-8f0d937 animated-slow elementor-invisible elementor-widget elementor-widget-heading\" data-id=\"8f0d937\" data-element_type=\"widget\" data-e-type=\"widget\" data-settings=\"{&quot;_animation&quot;:&quot;fadeIn&quot;}\" data-widget_type=\"heading.default\">\n\t\t\t\t<div class=\"elementor-widget-container\">\n\t\t\t\t\t<h1 class=\"elementor-heading-title elementor-size-default\"><span class=\"font-3\">SCHOOL<\/span><\/h1>\t\t\t\t<\/div>\n\t\t\t\t<\/div>\n\t\t\t\t<div class=\"elementor-element elementor-element-4547cd2 elementor-widget elementor-widget-text-editor\" data-id=\"4547cd2\" data-element_type=\"widget\" data-e-type=\"widget\" data-widget_type=\"text-editor.default\">\n\t\t\t\t<div class=\"elementor-widget-container\">\n\t\t\t\t\t\t\t\t\t<p>Wir alle kennen sie. <br \/>Altmodisch oder manchmal unnat\u00fcrlich kommen sie daher. Und doch geh\u00f6ren sie dazu.<\/p>\t\t\t\t\t\t\t\t<\/div>\n\t\t\t\t<\/div>\n\t\t\t\t<\/div>\n\t\t\t\t<\/div>\n\t\t<div class=\"elementor-element elementor-element-0639a55 e-flex e-con-boxed e-con e-parent\" data-id=\"0639a55\" data-element_type=\"container\" data-e-type=\"container\" data-settings=\"{&quot;background_background&quot;:&quot;classic&quot;}\">\n\t\t\t\t\t<div class=\"e-con-inner\">\n\t\t<div class=\"elementor-element elementor-element-667a585 e-con-full e-flex e-con e-child\" data-id=\"667a585\" data-element_type=\"container\" data-e-type=\"container\">\n\t\t\t\t<div class=\"elementor-element elementor-element-ca5a11b elementor-invisible elementor-widget elementor-widget-heading\" data-id=\"ca5a11b\" data-element_type=\"widget\" data-e-type=\"widget\" data-settings=\"{&quot;_animation&quot;:&quot;fadeInRight&quot;,&quot;_animation_tablet&quot;:&quot;none&quot;}\" data-widget_type=\"heading.default\">\n\t\t\t\t<div class=\"elementor-widget-container\">\n\t\t\t\t\t<h2 class=\"elementor-heading-title elementor-size-default\"><span class=\"font-1\">Moderne<span class=\"font-2\"> Schulfotografie<\/span><span class=\"font-1\"><span class=\"font-2\"><\/span><\/span><\/span><\/h2>\t\t\t\t<\/div>\n\t\t\t\t<\/div>\n\t\t\t\t<div class=\"elementor-element elementor-element-432e1bd animated-slow elementor-invisible elementor-widget elementor-widget-text-editor\" data-id=\"432e1bd\" data-element_type=\"widget\" data-e-type=\"widget\" data-settings=\"{&quot;_animation&quot;:&quot;fadeIn&quot;}\" data-widget_type=\"text-editor.default\">\n\t\t\t\t<div class=\"elementor-widget-container\">\n\t\t\t\t\t\t\t\t\t<div class=\"flex-block__element flex-block__element--element_id_36034 flex-block__element--text flex-block__element--block-blockID--23600 flex-block__element--editorTagsFix \" data-only-device=\"desktop\"><div class=\"flex-block__text-content height-auto\"><p>Befreundete Lehrer:innen &amp; Eltern haben mich dazu inspiriert, das ganze ein bisschen neu zu gestalten. Ich will die Schulfotos in klassischer Form, aber m\u00f6glichst nat\u00fcrlich, lebhaft und modern gestalten. Die Studiooptik soll zum Beispiel nicht ganz verschwinden, soll aber mit modernen Hintergr\u00fcnden und Requisiten erg\u00e4nzt werden.<\/p><p>Auch Bilder draussen in der Natur sind auf Wunsch m\u00f6glich.<\/p><\/div><\/div>\t\t\t\t\t\t\t\t<\/div>\n\t\t\t\t<\/div>\n\t\t\t\t<\/div>\n\t\t<div class=\"elementor-element elementor-element-a88beba e-con-full e-transform e-flex e-con e-child\" data-id=\"a88beba\" data-element_type=\"container\" data-e-type=\"container\" data-settings=\"{&quot;background_background&quot;:&quot;classic&quot;,&quot;_transform_translateY_effect&quot;:{&quot;unit&quot;:&quot;px&quot;,&quot;size&quot;:14,&quot;sizes&quot;:[]},&quot;_transform_translateY_effect_mobile&quot;:{&quot;unit&quot;:&quot;px&quot;,&quot;size&quot;:0,&quot;sizes&quot;:[]},&quot;_transform_translateX_effect_mobile&quot;:{&quot;unit&quot;:&quot;px&quot;,&quot;size&quot;:0,&quot;sizes&quot;:[]},&quot;_transform_translateX_effect_tablet&quot;:{&quot;unit&quot;:&quot;px&quot;,&quot;size&quot;:0,&quot;sizes&quot;:[]},&quot;_transform_translateY_effect_tablet&quot;:{&quot;unit&quot;:&quot;px&quot;,&quot;size&quot;:0,&quot;sizes&quot;:[]},&quot;_transform_translateX_effect&quot;:{&quot;unit&quot;:&quot;px&quot;,&quot;size&quot;:&quot;&quot;,&quot;sizes&quot;:[]}}\">\n\t\t\t\t<div class=\"elementor-element elementor-element-3d47e12 e-transform elementor-widget elementor-widget-spacer\" data-id=\"3d47e12\" data-element_type=\"widget\" data-e-type=\"widget\" data-settings=\"{&quot;motion_fx_motion_fx_scrolling&quot;:&quot;yes&quot;,&quot;motion_fx_translateY_effect&quot;:&quot;yes&quot;,&quot;motion_fx_translateY_speed&quot;:{&quot;unit&quot;:&quot;px&quot;,&quot;size&quot;:2,&quot;sizes&quot;:[]},&quot;motion_fx_devices&quot;:[&quot;desktop&quot;],&quot;_transform_translateY_effect&quot;:{&quot;unit&quot;:&quot;px&quot;,&quot;size&quot;:-180,&quot;sizes&quot;:[]},&quot;_transform_translateY_effect_tablet&quot;:{&quot;unit&quot;:&quot;px&quot;,&quot;size&quot;:0,&quot;sizes&quot;:[]},&quot;_transform_translateY_effect_mobile&quot;:{&quot;unit&quot;:&quot;px&quot;,&quot;size&quot;:0,&quot;sizes&quot;:[]},&quot;motion_fx_translateY_affectedRange&quot;:{&quot;unit&quot;:&quot;%&quot;,&quot;size&quot;:&quot;&quot;,&quot;sizes&quot;:{&quot;start&quot;:0,&quot;end&quot;:100}},&quot;_transform_translateX_effect&quot;:{&quot;unit&quot;:&quot;px&quot;,&quot;size&quot;:&quot;&quot;,&quot;sizes&quot;:[]},&quot;_transform_translateX_effect_tablet&quot;:{&quot;unit&quot;:&quot;px&quot;,&quot;size&quot;:&quot;&quot;,&quot;sizes&quot;:[]},&quot;_transform_translateX_effect_mobile&quot;:{&quot;unit&quot;:&quot;px&quot;,&quot;size&quot;:&quot;&quot;,&quot;sizes&quot;:[]}}\" data-widget_type=\"spacer.default\">\n\t\t\t\t<div class=\"elementor-widget-container\">\n\t\t\t\t\t\t\t<div class=\"elementor-spacer\">\n\t\t\t<div class=\"elementor-spacer-inner\"><\/div>\n\t\t<\/div>\n\t\t\t\t\t\t<\/div>\n\t\t\t\t<\/div>\n\t\t\t\t<\/div>\n\t\t\t\t\t<\/div>\n\t\t\t\t<\/div>\n\t\t<div class=\"elementor-element elementor-element-e4f02ed e-flex e-con-boxed e-con e-parent\" data-id=\"e4f02ed\" data-element_type=\"container\" data-e-type=\"container\" data-settings=\"{&quot;background_background&quot;:&quot;classic&quot;}\">\n\t\t\t\t\t<div class=\"e-con-inner\">\n\t\t<div class=\"elementor-element elementor-element-9638afa e-con-full e-transform e-flex e-con e-child\" data-id=\"9638afa\" data-element_type=\"container\" data-e-type=\"container\" data-settings=\"{&quot;background_background&quot;:&quot;classic&quot;,&quot;_transform_translateY_effect&quot;:{&quot;unit&quot;:&quot;px&quot;,&quot;size&quot;:14,&quot;sizes&quot;:[]},&quot;_transform_translateY_effect_mobile&quot;:{&quot;unit&quot;:&quot;px&quot;,&quot;size&quot;:0,&quot;sizes&quot;:[]},&quot;_transform_translateX_effect_mobile&quot;:{&quot;unit&quot;:&quot;px&quot;,&quot;size&quot;:0,&quot;sizes&quot;:[]},&quot;_transform_translateX_effect&quot;:{&quot;unit&quot;:&quot;px&quot;,&quot;size&quot;:&quot;&quot;,&quot;sizes&quot;:[]},&quot;_transform_translateX_effect_tablet&quot;:{&quot;unit&quot;:&quot;px&quot;,&quot;size&quot;:&quot;&quot;,&quot;sizes&quot;:[]},&quot;_transform_translateY_effect_tablet&quot;:{&quot;unit&quot;:&quot;px&quot;,&quot;size&quot;:&quot;&quot;,&quot;sizes&quot;:[]}}\">\n\t\t\t\t<div class=\"elementor-element elementor-element-d686a7a elementor-widget elementor-widget-spacer\" data-id=\"d686a7a\" data-element_type=\"widget\" data-e-type=\"widget\" data-settings=\"{&quot;motion_fx_motion_fx_scrolling&quot;:&quot;yes&quot;,&quot;motion_fx_translateX_effect&quot;:&quot;yes&quot;,&quot;motion_fx_translateX_direction&quot;:&quot;negative&quot;,&quot;motion_fx_devices&quot;:[&quot;desktop&quot;,&quot;tablet&quot;],&quot;motion_fx_translateX_speed&quot;:{&quot;unit&quot;:&quot;px&quot;,&quot;size&quot;:2,&quot;sizes&quot;:[]},&quot;motion_fx_translateX_affectedRange&quot;:{&quot;unit&quot;:&quot;%&quot;,&quot;size&quot;:&quot;&quot;,&quot;sizes&quot;:{&quot;start&quot;:0,&quot;end&quot;:100}}}\" data-widget_type=\"spacer.default\">\n\t\t\t\t<div class=\"elementor-widget-container\">\n\t\t\t\t\t\t\t<div class=\"elementor-spacer\">\n\t\t\t<div class=\"elementor-spacer-inner\"><\/div>\n\t\t<\/div>\n\t\t\t\t\t\t<\/div>\n\t\t\t\t<\/div>\n\t\t\t\t<\/div>\n\t\t<div class=\"elementor-element elementor-element-9ce3f3e e-con-full e-flex e-con e-child\" data-id=\"9ce3f3e\" data-element_type=\"container\" data-e-type=\"container\">\n\t\t\t\t<div class=\"elementor-element elementor-element-604257b animated-slow elementor-invisible elementor-widget elementor-widget-text-editor\" data-id=\"604257b\" data-element_type=\"widget\" data-e-type=\"widget\" data-settings=\"{&quot;_animation&quot;:&quot;fadeIn&quot;}\" data-widget_type=\"text-editor.default\">\n\t\t\t\t<div class=\"elementor-widget-container\">\n\t\t\t\t\t\t\t\t\t<div class=\"flex-block__element flex-block__element--element_id_36034 flex-block__element--text flex-block__element--block-blockID--23600 flex-block__element--editorTagsFix \" data-only-device=\"desktop\"><div class=\"flex-block__text-content height-auto\"><p>Diese Fotos k\u00f6nnen danach alle von den Eltern in einer pers\u00f6nlichen Onlinegalerie betrachtet und auch direkt als Abz\u00fcge &amp; Sets bestellt werden. Das ist um einiges einfacher und ressourcenschonender als das alte System, wo zuerst gedruckt und danach erst bestellt wird.<\/p><p>Sie sind eine Lehrperson und suchen eine Schulfotografin?<\/p><p>Sehen Sie sich das Infoblatt an f\u00fcr weitere Informationen oder melden Sie sich \u00fcber das Kontaktformular f\u00fcr einen Termin. Ich freue mich, Sie kennen zu lernen! \ud83d\ude42<\/p><\/div><\/div>\t\t\t\t\t\t\t\t<\/div>\n\t\t\t\t<\/div>\n\t\t\t\t<div class=\"elementor-element elementor-element-97efe29 elementor-widget elementor-widget-text-editor\" data-id=\"97efe29\" data-element_type=\"widget\" data-e-type=\"widget\" data-widget_type=\"text-editor.default\">\n\t\t\t\t<div class=\"elementor-widget-container\">\n\t\t\t\t\t\t\t\t\t<p>Hier klicken f\u00fcr mehr Infos<\/p>\t\t\t\t\t\t\t\t<\/div>\n\t\t\t\t<\/div>\n\t\t\t\t<div class=\"elementor-element elementor-element-55f1c8f elementor-mobile-align-center elementor-widget elementor-widget-button\" data-id=\"55f1c8f\" data-element_type=\"widget\" data-e-type=\"widget\" data-widget_type=\"button.default\">\n\t\t\t\t<div class=\"elementor-widget-container\">\n\t\t\t\t\t\t\t\t\t<div class=\"elementor-button-wrapper\">\n\t\t\t\t\t<a class=\"elementor-button elementor-button-link elementor-size-sm\" href=\"https:\/\/lety.ch\/wp-content\/uploads\/2025\/10\/Schulfotografie-Lety.pdf\" target=\"_blank\">\n\t\t\t\t\t\t<span class=\"elementor-button-content-wrapper\">\n\t\t\t\t\t\t\t\t\t<span class=\"elementor-button-text\">Infoblatt Lehrer<\/span>\n\t\t\t\t\t<\/span>\n\t\t\t\t\t<\/a>\n\t\t\t\t<\/div>\n\t\t\t\t\t\t\t\t<\/div>\n\t\t\t\t<\/div>\n\t\t\t\t<\/div>\n\t\t\t\t\t<\/div>\n\t\t\t\t<\/div>\n\t\t<div class=\"elementor-element elementor-element-e194d41 e-con-full e-flex e-con e-parent\" data-id=\"e194d41\" data-element_type=\"container\" data-e-type=\"container\">\n\t\t<div class=\"elementor-element elementor-element-babb339 e-con-full e-flex e-con e-child\" data-id=\"babb339\" data-element_type=\"container\" data-e-type=\"container\" data-settings=\"{&quot;background_background&quot;:&quot;classic&quot;}\">\n\t\t<div class=\"elementor-element elementor-element-0e06d63 e-con-full e-flex e-con e-child\" data-id=\"0e06d63\" data-element_type=\"container\" data-e-type=\"container\">\n\t\t\t\t<div class=\"elementor-element elementor-element-9564558 animated-slow e-transform elementor-invisible elementor-widget elementor-widget-heading\" data-id=\"9564558\" data-element_type=\"widget\" data-e-type=\"widget\" data-settings=\"{&quot;_animation&quot;:&quot;fadeIn&quot;,&quot;_transform_translateY_effect&quot;:{&quot;unit&quot;:&quot;px&quot;,&quot;size&quot;:0,&quot;sizes&quot;:[]},&quot;_transform_translateX_effect&quot;:{&quot;unit&quot;:&quot;px&quot;,&quot;size&quot;:&quot;&quot;,&quot;sizes&quot;:[]},&quot;_transform_translateX_effect_tablet&quot;:{&quot;unit&quot;:&quot;px&quot;,&quot;size&quot;:&quot;&quot;,&quot;sizes&quot;:[]},&quot;_transform_translateX_effect_mobile&quot;:{&quot;unit&quot;:&quot;px&quot;,&quot;size&quot;:&quot;&quot;,&quot;sizes&quot;:[]},&quot;_transform_translateY_effect_tablet&quot;:{&quot;unit&quot;:&quot;px&quot;,&quot;size&quot;:&quot;&quot;,&quot;sizes&quot;:[]},&quot;_transform_translateY_effect_mobile&quot;:{&quot;unit&quot;:&quot;px&quot;,&quot;size&quot;:&quot;&quot;,&quot;sizes&quot;:[]}}\" data-widget_type=\"heading.default\">\n\t\t\t\t<div class=\"elementor-widget-container\">\n\t\t\t\t\t<h2 class=\"elementor-heading-title elementor-size-default\"><span class=\"font-1\">Interesse<span class=\"font-2\">  an neuen <\/span><span class=\"font-1\"><span class=\"font-1\">Schulfotos?<\/h2>\t\t\t\t<\/div>\n\t\t\t\t<\/div>\n\t\t\t\t<div class=\"elementor-element elementor-element-aa2e6c4 elementor-widget elementor-widget-text-editor\" data-id=\"aa2e6c4\" data-element_type=\"widget\" data-e-type=\"widget\" data-widget_type=\"text-editor.default\">\n\t\t\t\t<div class=\"elementor-widget-container\">\n\t\t\t\t\t\t\t\t\t<p>Melde dich f\u00fcr einen Termin.<\/p>\t\t\t\t\t\t\t\t<\/div>\n\t\t\t\t<\/div>\n\t\t\t\t<div class=\"elementor-element elementor-element-b418cf4 elementor-widget elementor-widget-html\" data-id=\"b418cf4\" data-element_type=\"widget\" data-e-type=\"widget\" data-widget_type=\"html.default\">\n\t\t\t\t<div class=\"elementor-widget-container\">\n\t\t\t\t\t<iframe height=\"563\" style=\"min-width: 100%; max-width: 1440px; border: 0;\" id=\"sn-form-pf31k\"\n        src=\"https:\/\/app.studioninja.co\/contactform\/parser\/0a800fc9-6fb1-1a6f-816f-b46a627f03ad\/0a800fc9-9bd6-10c3-819b-d6e2816a3126\"\n        allowfullscreen>\n<\/iframe>\n<script type=\"text\/javascript\" data-iframe-id=\"sn-form-pf31k\"\n        src=\"https:\/\/app.studioninja.co\/client-assets\/form-render\/assets\/scripts\/iframeResizer.js\"><\/script>\t\t\t\t<\/div>\n\t\t\t\t<\/div>\n\t\t\t\t<\/div>\n\t\t\t\t<\/div>\n\t\t\t\t<\/div>\n\t\t\t\t<\/div>\n\t\t","protected":false},"excerpt":{"rendered":"<p>SCHOOL Wir alle kennen sie. Altmodisch oder manchmal unnat\u00fcrlich kommen sie daher. Und doch geh\u00f6ren sie dazu. Moderne Schulfotografie Befreundete Lehrer:innen &amp; Eltern haben mich dazu inspiriert, das ganze ein bisschen neu zu gestalten. Ich will die Schulfotos in klassischer Form, aber m\u00f6glichst nat\u00fcrlich, lebhaft und modern gestalten. Die Studiooptik soll zum Beispiel nicht ganz [&hellip;]<\/p>\n","protected":false},"author":2,"featured_media":0,"parent":221,"menu_order":0,"comment_status":"closed","ping_status":"closed","template":"elementor_header_footer","meta":{"narrative_post_script":"","footnotes":""},"class_list":["post-1375","page","type-page","status-publish","hentry"],"yoast_head":"<!-- This site is optimized with the Yoast SEO plugin v27.3 - https:\/\/yoast.com\/product\/yoast-seo-wordpress\/ -->\n<title>School - Lety Photography<\/title>\n<meta name=\"robots\" content=\"index, follow, max-snippet:-1, max-image-preview:large, max-video-preview:-1\" \/>\n<link rel=\"canonical\" href=\"https:\/\/lety.ch\/de\/infos\/school\/\" \/>\n<meta property=\"og:locale\" content=\"de_DE\" \/>\n<meta property=\"og:type\" content=\"article\" \/>\n<meta property=\"og:title\" content=\"School - Lety Photography\" \/>\n<meta property=\"og:description\" content=\"SCHOOL Wir alle kennen sie. Altmodisch oder manchmal unnat\u00fcrlich kommen sie daher. Und doch geh\u00f6ren sie dazu. Moderne Schulfotografie Befreundete Lehrer:innen &amp; Eltern haben mich dazu inspiriert, das ganze ein bisschen neu zu gestalten. Ich will die Schulfotos in klassischer Form, aber m\u00f6glichst nat\u00fcrlich, lebhaft und modern gestalten. Die Studiooptik soll zum Beispiel nicht ganz [&hellip;]\" \/>\n<meta property=\"og:url\" content=\"https:\/\/lety.ch\/de\/infos\/school\/\" \/>\n<meta property=\"og:site_name\" content=\"Lety Photography\" \/>\n<meta property=\"article:publisher\" content=\"https:\/\/www.facebook.com\/letiziahaessig\" \/>\n<meta property=\"article:modified_time\" content=\"2026-01-22T11:51:22+00:00\" \/>\n<meta name=\"twitter:card\" content=\"summary_large_image\" \/>\n<meta name=\"twitter:label1\" content=\"Gesch\u00e4tzte Lesezeit\" \/>\n\t<meta name=\"twitter:data1\" content=\"1\u00a0Minute\" \/>\n<script type=\"application\/ld+json\" class=\"yoast-schema-graph\">{\"@context\":\"https:\\\/\\\/schema.org\",\"@graph\":[{\"@type\":\"WebPage\",\"@id\":\"https:\\\/\\\/lety.ch\\\/infos\\\/school\\\/\",\"url\":\"https:\\\/\\\/lety.ch\\\/infos\\\/school\\\/\",\"name\":\"School - Lety Photography\",\"isPartOf\":{\"@id\":\"https:\\\/\\\/lety.ch\\\/#website\"},\"datePublished\":\"2025-06-26T20:17:30+00:00\",\"dateModified\":\"2026-01-22T11:51:22+00:00\",\"breadcrumb\":{\"@id\":\"https:\\\/\\\/lety.ch\\\/infos\\\/school\\\/#breadcrumb\"},\"inLanguage\":\"de\",\"potentialAction\":[{\"@type\":\"ReadAction\",\"target\":[\"https:\\\/\\\/lety.ch\\\/infos\\\/school\\\/\"]}]},{\"@type\":\"BreadcrumbList\",\"@id\":\"https:\\\/\\\/lety.ch\\\/infos\\\/school\\\/#breadcrumb\",\"itemListElement\":[{\"@type\":\"ListItem\",\"position\":1,\"name\":\"Home\",\"item\":\"https:\\\/\\\/lety.ch\\\/\"},{\"@type\":\"ListItem\",\"position\":2,\"name\":\"Info\",\"item\":\"https:\\\/\\\/lety.ch\\\/infos\\\/\"},{\"@type\":\"ListItem\",\"position\":3,\"name\":\"School\"}]},{\"@type\":\"WebSite\",\"@id\":\"https:\\\/\\\/lety.ch\\\/#website\",\"url\":\"https:\\\/\\\/lety.ch\\\/\",\"name\":\"Lety Photography\",\"description\":\"Switzerland Wedding Photographer\",\"publisher\":{\"@id\":\"https:\\\/\\\/lety.ch\\\/#\\\/schema\\\/person\\\/9e0b50e6ff930e92d5212167fd2b7c85\"},\"alternateName\":\"letizia haessig photography\",\"potentialAction\":[{\"@type\":\"SearchAction\",\"target\":{\"@type\":\"EntryPoint\",\"urlTemplate\":\"https:\\\/\\\/lety.ch\\\/?s={search_term_string}\"},\"query-input\":{\"@type\":\"PropertyValueSpecification\",\"valueRequired\":true,\"valueName\":\"search_term_string\"}}],\"inLanguage\":\"de\"},{\"@type\":[\"Person\",\"Organization\"],\"@id\":\"https:\\\/\\\/lety.ch\\\/#\\\/schema\\\/person\\\/9e0b50e6ff930e92d5212167fd2b7c85\",\"name\":\"lety_\",\"image\":{\"@type\":\"ImageObject\",\"inLanguage\":\"de\",\"@id\":\"https:\\\/\\\/lety.ch\\\/wp-content\\\/uploads\\\/2025\\\/05\\\/Lety-Logo-1.png\",\"url\":\"https:\\\/\\\/lety.ch\\\/wp-content\\\/uploads\\\/2025\\\/05\\\/Lety-Logo-1.png\",\"contentUrl\":\"https:\\\/\\\/lety.ch\\\/wp-content\\\/uploads\\\/2025\\\/05\\\/Lety-Logo-1.png\",\"width\":2000,\"height\":1735,\"caption\":\"lety_\"},\"logo\":{\"@id\":\"https:\\\/\\\/lety.ch\\\/wp-content\\\/uploads\\\/2025\\\/05\\\/Lety-Logo-1.png\"},\"sameAs\":[\"http:\\\/\\\/www.lety.ch\",\"https:\\\/\\\/www.facebook.com\\\/letiziahaessig\",\"https:\\\/\\\/www.instagram.com\\\/lety_\\\/\",\"https:\\\/\\\/pin.it\\\/35ttpvgAK\"]}]}<\/script>\n<!-- \/ Yoast SEO plugin. -->","yoast_head_json":{"title":"School - Lety Photography","robots":{"index":"index","follow":"follow","max-snippet":"max-snippet:-1","max-image-preview":"max-image-preview:large","max-video-preview":"max-video-preview:-1"},"canonical":"https:\/\/lety.ch\/de\/infos\/school\/","og_locale":"de_DE","og_type":"article","og_title":"School - Lety Photography","og_description":"SCHOOL Wir alle kennen sie. Altmodisch oder manchmal unnat\u00fcrlich kommen sie daher. Und doch geh\u00f6ren sie dazu. Moderne Schulfotografie Befreundete Lehrer:innen &amp; Eltern haben mich dazu inspiriert, das ganze ein bisschen neu zu gestalten. Ich will die Schulfotos in klassischer Form, aber m\u00f6glichst nat\u00fcrlich, lebhaft und modern gestalten. Die Studiooptik soll zum Beispiel nicht ganz [&hellip;]","og_url":"https:\/\/lety.ch\/de\/infos\/school\/","og_site_name":"Lety Photography","article_publisher":"https:\/\/www.facebook.com\/letiziahaessig","article_modified_time":"2026-01-22T11:51:22+00:00","twitter_card":"summary_large_image","twitter_misc":{"Gesch\u00e4tzte Lesezeit":"1\u00a0Minute"},"schema":{"@context":"https:\/\/schema.org","@graph":[{"@type":"WebPage","@id":"https:\/\/lety.ch\/infos\/school\/","url":"https:\/\/lety.ch\/infos\/school\/","name":"School - Lety Photography","isPartOf":{"@id":"https:\/\/lety.ch\/#website"},"datePublished":"2025-06-26T20:17:30+00:00","dateModified":"2026-01-22T11:51:22+00:00","breadcrumb":{"@id":"https:\/\/lety.ch\/infos\/school\/#breadcrumb"},"inLanguage":"de","potentialAction":[{"@type":"ReadAction","target":["https:\/\/lety.ch\/infos\/school\/"]}]},{"@type":"BreadcrumbList","@id":"https:\/\/lety.ch\/infos\/school\/#breadcrumb","itemListElement":[{"@type":"ListItem","position":1,"name":"Home","item":"https:\/\/lety.ch\/"},{"@type":"ListItem","position":2,"name":"Info","item":"https:\/\/lety.ch\/infos\/"},{"@type":"ListItem","position":3,"name":"School"}]},{"@type":"WebSite","@id":"https:\/\/lety.ch\/#website","url":"https:\/\/lety.ch\/","name":"Lety Photography","description":"Switzerland Wedding Photographer","publisher":{"@id":"https:\/\/lety.ch\/#\/schema\/person\/9e0b50e6ff930e92d5212167fd2b7c85"},"alternateName":"letizia haessig photography","potentialAction":[{"@type":"SearchAction","target":{"@type":"EntryPoint","urlTemplate":"https:\/\/lety.ch\/?s={search_term_string}"},"query-input":{"@type":"PropertyValueSpecification","valueRequired":true,"valueName":"search_term_string"}}],"inLanguage":"de"},{"@type":["Person","Organization"],"@id":"https:\/\/lety.ch\/#\/schema\/person\/9e0b50e6ff930e92d5212167fd2b7c85","name":"lety_","image":{"@type":"ImageObject","inLanguage":"de","@id":"https:\/\/lety.ch\/wp-content\/uploads\/2025\/05\/Lety-Logo-1.png","url":"https:\/\/lety.ch\/wp-content\/uploads\/2025\/05\/Lety-Logo-1.png","contentUrl":"https:\/\/lety.ch\/wp-content\/uploads\/2025\/05\/Lety-Logo-1.png","width":2000,"height":1735,"caption":"lety_"},"logo":{"@id":"https:\/\/lety.ch\/wp-content\/uploads\/2025\/05\/Lety-Logo-1.png"},"sameAs":["http:\/\/www.lety.ch","https:\/\/www.facebook.com\/letiziahaessig","https:\/\/www.instagram.com\/lety_\/","https:\/\/pin.it\/35ttpvgAK"]}]}},"_links":{"self":[{"href":"https:\/\/lety.ch\/de\/wp-json\/wp\/v2\/pages\/1375","targetHints":{"allow":["GET"]}}],"collection":[{"href":"https:\/\/lety.ch\/de\/wp-json\/wp\/v2\/pages"}],"about":[{"href":"https:\/\/lety.ch\/de\/wp-json\/wp\/v2\/types\/page"}],"author":[{"embeddable":true,"href":"https:\/\/lety.ch\/de\/wp-json\/wp\/v2\/users\/2"}],"replies":[{"embeddable":true,"href":"https:\/\/lety.ch\/de\/wp-json\/wp\/v2\/comments?post=1375"}],"version-history":[{"count":320,"href":"https:\/\/lety.ch\/de\/wp-json\/wp\/v2\/pages\/1375\/revisions"}],"predecessor-version":[{"id":16169,"href":"https:\/\/lety.ch\/de\/wp-json\/wp\/v2\/pages\/1375\/revisions\/16169"}],"up":[{"embeddable":true,"href":"https:\/\/lety.ch\/de\/wp-json\/wp\/v2\/pages\/221"}],"wp:attachment":[{"href":"https:\/\/lety.ch\/de\/wp-json\/wp\/v2\/media?parent=1375"}],"curies":[{"name":"wp","href":"https:\/\/api.w.org\/{rel}","templated":true}]}}